{"id":5992,"date":"2024-04-07T10:19:35","date_gmt":"2024-04-07T08:19:35","guid":{"rendered":"https:\/\/sweden-life.com\/?page_id=5992"},"modified":"2025-10-17T15:32:00","modified_gmt":"2025-10-17T13:32:00","slug":"contact","status":"publish","type":"page","link":"https:\/\/sweden-life.com\/en\/contact\/","title":{"rendered":"Contact"},"content":{"rendered":"<div data-elementor-type=\"wp-page\" data-elementor-id=\"5992\" class=\"elementor elementor-5992\" data-elementor-settings=\"{&quot;ha_cmc_init_switcher&quot;:&quot;no&quot;}\" data-elementor-post-type=\"page\">\n\t\t\t\t<div class=\"elementor-element elementor-element-991cd2a e-flex e-con-boxed e-con e-parent\" data-id=\"991cd2a\" data-element_type=\"container\" data-e-type=\"container\" data-settings=\"{&quot;_ha_eqh_enable&quot;:false}\">\n\t\t\t\t\t<div class=\"e-con-inner\">\n\t\t<div class=\"elementor-element elementor-element-ba63922 e-con-full e-flex e-con e-child\" data-id=\"ba63922\" data-element_type=\"container\" data-e-type=\"container\" data-settings=\"{&quot;background_background&quot;:&quot;classic&quot;,&quot;_ha_eqh_enable&quot;:false}\">\n\t\t\t\t<div class=\"elementor-element elementor-element-2a669fb elementor-widget elementor-widget-heading\" data-id=\"2a669fb\" data-element_type=\"widget\" data-e-type=\"widget\" data-widget_type=\"heading.default\">\n\t\t\t\t<div class=\"elementor-widget-container\">\n\t\t\t\t\t<h1 class=\"elementor-heading-title elementor-size-default\">Contact us to discuss Sweden<\/h1>\t\t\t\t<\/div>\n\t\t\t\t<\/div>\n\t\t\t\t<div class=\"elementor-element elementor-element-5ad1279 elementor-widget elementor-widget-heading\" data-id=\"5ad1279\" data-element_type=\"widget\" data-e-type=\"widget\" data-widget_type=\"heading.default\">\n\t\t\t\t<div class=\"elementor-widget-container\">\n\t\t\t\t\t<h2 class=\"elementor-heading-title elementor-size-default\">We are here to answer your questions and help you plan your adventure in Sweden<\/h2>\t\t\t\t<\/div>\n\t\t\t\t<\/div>\n\t\t\t\t<div class=\"elementor-element elementor-element-82db4fe elementor-widget elementor-widget-text-editor\" data-id=\"82db4fe\" data-element_type=\"widget\" data-e-type=\"widget\" data-widget_type=\"text-editor.default\">\n\t\t\t\t<div class=\"elementor-widget-container\">\n\t\t\t\t\t\t\t\t\t<p>Nous sommes toujours ravis d\u2019entendre parler de nos lecteurs ! Que vous ayez des questions, des suggestions d\u2019articles, ou si vous souhaitez simplement partager votre exp\u00e9rience en Su\u00e8de avec nous, n\u2019h\u00e9sitez pas \u00e0 nous contacter <a href=\"mailto:hej@sweden-life.com\">hej@sweden-life.com<\/a><\/p><p>We appreciate your support and thank you for being part of our community. <strong>Sweden-life<\/strong>.<\/p>\t\t\t\t\t\t\t\t<\/div>\n\t\t\t\t<\/div>\n\t\t\t\t<\/div>\n\t\t<div class=\"elementor-element elementor-element-9429bf3 e-con-full e-flex e-con e-child\" data-id=\"9429bf3\" data-element_type=\"container\" data-e-type=\"container\" data-settings=\"{&quot;background_background&quot;:&quot;classic&quot;,&quot;_ha_eqh_enable&quot;:false}\">\n\t\t\t\t<div class=\"elementor-element elementor-element-4a1af28 elementor-widget elementor-widget-image\" data-id=\"4a1af28\" data-element_type=\"widget\" data-e-type=\"widget\" data-widget_type=\"image.default\">\n\t\t\t\t<div class=\"elementor-widget-container\">\n\t\t\t\t\t\t\t\t\t\t\t\t\t\t\t<img fetchpriority=\"high\" decoding=\"async\" width=\"1706\" height=\"1706\" src=\"https:\/\/sweden-life.com\/wp-content\/uploads\/2024\/03\/MO102780-Avec-accentuation-Bruit-scaled-e1710489814820.jpg\" class=\"attachment-full size-full wp-image-5701\" alt=\"Contact form to exchange information about Sweden\" srcset=\"https:\/\/sweden-life.com\/wp-content\/uploads\/2024\/03\/MO102780-Avec-accentuation-Bruit-scaled-e1710489814820.jpg 1706w, https:\/\/sweden-life.com\/wp-content\/uploads\/2024\/03\/MO102780-Avec-accentuation-Bruit-scaled-e1710489814820-300x300.jpg 300w, https:\/\/sweden-life.com\/wp-content\/uploads\/2024\/03\/MO102780-Avec-accentuation-Bruit-scaled-e1710489814820-1024x1024.jpg 1024w, https:\/\/sweden-life.com\/wp-content\/uploads\/2024\/03\/MO102780-Avec-accentuation-Bruit-scaled-e1710489814820-150x150.webp 150w, https:\/\/sweden-life.com\/wp-content\/uploads\/2024\/03\/MO102780-Avec-accentuation-Bruit-scaled-e1710489814820-768x768.jpg 768w, https:\/\/sweden-life.com\/wp-content\/uploads\/2024\/03\/MO102780-Avec-accentuation-Bruit-scaled-e1710489814820-1536x1536.jpg 1536w, https:\/\/sweden-life.com\/wp-content\/uploads\/2024\/03\/MO102780-Avec-accentuation-Bruit-scaled-e1710489814820-1320x1320.jpg 1320w\" sizes=\"(max-width: 1706px) 100vw, 1706px\" \/>\t\t\t\t\t\t\t\t\t\t\t\t\t\t\t<\/div>\n\t\t\t\t<\/div>\n\t\t\t\t<div class=\"elementor-element elementor-element-e6f2a47 elementor-widget elementor-widget-heading\" data-id=\"e6f2a47\" data-element_type=\"widget\" data-e-type=\"widget\" data-widget_type=\"heading.default\">\n\t\t\t\t<div class=\"elementor-widget-container\">\n\t\t\t\t\t<h2 class=\"elementor-heading-title elementor-size-default\">Let&#039;s work together to make Sweden shine<\/h2>\t\t\t\t<\/div>\n\t\t\t\t<\/div>\n\t\t\t\t<div class=\"elementor-element elementor-element-49fb67c elementor-widget elementor-widget-text-editor\" data-id=\"49fb67c\" data-element_type=\"widget\" data-e-type=\"widget\" data-widget_type=\"text-editor.default\">\n\t\t\t\t<div class=\"elementor-widget-container\">\n\t\t\t\t\t\t\t\t\t<p>Are you a hotel, tourist site or city that wants to promote Sweden? Together we can create collaborations and realize projects that benefit everyone. Contact us at\u00a0<a href=\"mailto:hej@sweden-life.com\">hej@sweden-life.com <\/a>to discuss your needs and opportunities for collaboration.<\/p><p>We would be delighted to work with you to highlight your initiatives and strengthen <strong>the attractiveness of Sweden.<\/strong><\/p>\t\t\t\t\t\t\t\t<\/div>\n\t\t\t\t<\/div>\n\t\t\t\t<\/div>\n\t\t\t\t\t<\/div>\n\t\t\t\t<\/div>\n\t\t\t\t<\/div>","protected":false},"excerpt":{"rendered":"<p>Contactez-nous pour \u00e9changer autour de la Su\u00e8de Nous sommes l\u00e0 pour r\u00e9pondre \u00e0 vos questions et vous aider \u00e0 planifier votre aventure en Su\u00e8de Nous sommes toujours ravis d\u2019entendre parler de nos lecteurs ! Que vous ayez des questions, des suggestions d\u2019articles, ou si vous souhaitez simplement partager votre exp\u00e9rience en Su\u00e8de avec nous, n\u2019h\u00e9sitez [&hellip;]<\/p>\n","protected":false},"author":1,"featured_media":0,"parent":0,"menu_order":0,"comment_status":"closed","ping_status":"closed","template":"","meta":{"footnotes":""},"class_list":["post-5992","page","type-page","status-publish","hentry"],"_links":{"self":[{"href":"https:\/\/sweden-life.com\/en\/wp-json\/wp\/v2\/pages\/5992","targetHints":{"allow":["GET"]}}],"collection":[{"href":"https:\/\/sweden-life.com\/en\/wp-json\/wp\/v2\/pages"}],"about":[{"href":"https:\/\/sweden-life.com\/en\/wp-json\/wp\/v2\/types\/page"}],"author":[{"embeddable":true,"href":"https:\/\/sweden-life.com\/en\/wp-json\/wp\/v2\/users\/1"}],"replies":[{"embeddable":true,"href":"https:\/\/sweden-life.com\/en\/wp-json\/wp\/v2\/comments?post=5992"}],"version-history":[{"count":96,"href":"https:\/\/sweden-life.com\/en\/wp-json\/wp\/v2\/pages\/5992\/revisions"}],"predecessor-version":[{"id":11069,"href":"https:\/\/sweden-life.com\/en\/wp-json\/wp\/v2\/pages\/5992\/revisions\/11069"}],"wp:attachment":[{"href":"https:\/\/sweden-life.com\/en\/wp-json\/wp\/v2\/media?parent=5992"}],"curies":[{"name":"wp","href":"https:\/\/api.w.org\/{rel}","templated":true}]}}