{"id":5974,"date":"2024-04-06T15:05:20","date_gmt":"2024-04-06T13:05:20","guid":{"rendered":"https:\/\/sweden-life.com\/?page_id=5974"},"modified":"2024-12-17T12:33:42","modified_gmt":"2024-12-17T11:33:42","slug":"sweden-at-a-glance","status":"publish","type":"page","link":"https:\/\/sweden-life.com\/en\/sweden-at-a-glance\/","title":{"rendered":"Sweden in brief"},"content":{"rendered":"\t\t<div data-elementor-type=\"wp-page\" data-elementor-id=\"5974\" class=\"elementor elementor-5974\" data-elementor-settings=\"{&quot;ha_cmc_init_switcher&quot;:&quot;no&quot;}\" data-elementor-post-type=\"page\">\n\t\t\t\t<div class=\"elementor-element elementor-element-b04aa7b e-con-full e-flex e-con e-parent\" data-id=\"b04aa7b\" data-element_type=\"container\" data-e-type=\"container\" data-settings=\"{&quot;_ha_eqh_enable&quot;:false}\">\n\t\t<div class=\"elementor-element elementor-element-a4c2242 e-flex e-con-boxed e-con e-child\" data-id=\"a4c2242\" data-element_type=\"container\" data-e-type=\"container\" data-settings=\"{&quot;background_background&quot;:&quot;classic&quot;,&quot;shape_divider_bottom&quot;:&quot;landscape&quot;,&quot;background_motion_fx_motion_fx_scrolling&quot;:&quot;yes&quot;,&quot;background_motion_fx_translateY_effect&quot;:&quot;yes&quot;,&quot;background_motion_fx_translateY_speed&quot;:{&quot;unit&quot;:&quot;px&quot;,&quot;size&quot;:8,&quot;sizes&quot;:[]},&quot;background_motion_fx_translateY_affectedRange&quot;:{&quot;unit&quot;:&quot;%&quot;,&quot;size&quot;:&quot;&quot;,&quot;sizes&quot;:{&quot;start&quot;:0,&quot;end&quot;:100}},&quot;background_motion_fx_devices&quot;:[&quot;desktop&quot;,&quot;tablet&quot;,&quot;mobile&quot;]}\">\n\t\t\t\t\t<div class=\"e-con-inner\">\n\t\t\t\t<div class=\"elementor-shape elementor-shape-bottom\" aria-hidden=\"true\" data-negative=\"false\">\n\t\t\t<svg xmlns=\"http:\/\/www.w3.org\/2000\/svg\" viewBox=\"0 0 4080 400\" preserveAspectRatio=\"none\">\n<g>\n\t<path class=\"elementor-shape-fill ha-shape-divider\" d=\"M1949.3,247.3c0.5,1.3,1.8,2.2,3.1,2.2l15.3-3.1c1.3-0.5,2.2-1.8,2.2-3.1s-1.8-2.6-3.1-2.2l-15.3,3.1\n\t\tC1950.1,244.7,1949.3,246,1949.3,247.3z\"\/>\n\t<path class=\"elementor-shape-fill ha-shape-divider\" d=\"M1961,260.4c0.4,2.2,2.6,3.5,4.8,3.1l22.7-4.8c2.2-0.4,3.5-2.6,3.1-4.8c-0.4-2.2-2.6-3.5-4.8-3.1l-22.7,4.8\n\t\tC1961.9,256,1960.6,258.2,1961,260.4z\"\/>\n\t<path class=\"elementor-shape-fill ha-shape-divider\" d=\"M1976.3,271.3c0.4,2.2,2.6,3.5,4.8,3.1l5.7-1.3c2.2-0.4,3.5-2.6,3.1-4.8c-0.4-1.8-2.6-3.5-4.8-3.1l-5.7,1.3\n\t\tC1977.2,266.9,1975.9,269.1,1976.3,271.3z\"\/>\n\t<circle class=\"elementor-shape-fill ha-shape-divider\" cx=\"2421.2\" cy=\"266.1\" r=\"10.9\"\/>\n\t<path class=\"elementor-shape-fill ha-shape-divider\" d=\"M4080,29.3V0H2798.6h-182.7h-406.6H0v20.1c-0.6,39.5,14.3,123.6,146,132.5c-0.2,0.6-0.3,1.2-0.3,1.8V188l-1.5-1.4\n\t\tc-0.8-0.7-2-1.1-3.1-1.1c-1.3,0-2.6,0.5-3.4,1.5c-1.7,1.9-1.7,5,0.4,6.7l35.5,32.4c1.9,1.7,4.6,1.7,6.5,0l35.1-32.4\n\t\tc1.9-1.7,2.1-4.8,0.2-6.7c-1.7-1.9-4.8-2.1-6.7-0.2l-2.1,1.9v-34.3c0.1-1-0.1-1.9-0.4-2.7c25.9-2.2,55-6.6,87.8-13.8\n\t\tc120.2-26.4,209.5-38.1,305.6-39l0.7,25.2c0,0.5-0.4,0.9-0.9,1c-7.9,1.4-13.1,8.5-14.6,17.1c-4.7,24.8,12,103.6,17.3,103.6\n\t\ts22.6-67.9,17.3-103.6c-1.3-8.6-6.6-15.8-14.6-17.1c-0.5-0.1-0.9-0.5-0.9-1l0.7-25.2c17.2-0.1,34.7,0.1,52.6,0.7l0.7,24.7\n\t\tc0,0.5-0.3,0.9-0.8,1c-6.5,1.1-11.1,7-11.9,13.8c-3.1,25.6,8.6,84.1,13.9,84.1c5.3,0,17.5-62.1,13.9-84.1\n\t\tc-1.3-6.9-5.5-12.7-11.9-13.8c-0.5-0.1-0.8-0.5-0.8-1l0.7-24.6c158,5.2,352.5,34.7,729.3,72.6c70.7,7.1,136.3,10.8,197.2,11.7v21.5\n\t\tc-19.1,3.3-32.7,25.5-32.7,76.8c0,55.8,26.2,107.3,38,107.3s38-51.5,38-107.3c0-51.3-13.6-73.5-32.7-76.8v-21.4\n\t\tc26.4,0.2,52-0.1,76.6-0.8c2.8,0.2,5.7,0.3,8.5,0.4v18.5c-11.5,1.9-19.6,15.1-19.6,46c0,33.6,15.7,64.6,22.7,64.6\n\t\ts22.7-31,22.7-64.6c0-30.5-7.9-43.7-19.2-45.9v-18.4c44.5,1.3,93.8-2,148.3-11.6c2.4-0.4,4.7-0.8,7-1.2\n\t\tc-10.1,5.5-16.6,16.3-16.2,27.8c0.2,13.5,8.3,24.1,19.1,28.8c0.7,3.2,1.4,6.5,1.8,8.6l-5.2,1l0.9,4.8l7.8-1.6l13.6,31.6l-4.4,0.9\n\t\tv0.9c0.9,4.4,4.8,7,9.2,5.7l48.4-11.3c4-0.9,6.1-4.4,5.7-8.3l-4.8,1l4.1-38l16.1-3.3l3.2,15.4l-1.6,0.3l0.6,3.5l9-1.9l-0.6-3.5\n\t\tl-1.9,0.4l-3.2-15.4l21.8-4.4c5.6-1.3,8.3-7.9,5.2-13.1l-10.4-21.1c0.7-2.1,1.1-4.2,1.2-6.4c0.3-10.1-5.9-18.3-14.2-21.7\n\t\tc284.8-54.1,346.7-79.5,518.1-14c0.5,0.2,1.1,0.4,1.7,0.6v19.3c-11.3,2.1-19.2,15.4-19.2,45.9c-0.4,33.6,15.7,64.6,22.7,64.6\n\t\ts22.7-31,22.7-64.6c0-30.9-8.1-44.1-19.6-46v-16.9c141.9,48.2,172.6-93.9,390.4-40.8c30.8,7.5,61.9,14.1,93,20.2l159.1,39.2\n\t\tc20.1,3.9,42.2,0.6,64.6-3.5c6.2,12.2,18,41.4,35.2,87.7l0.3-0.1c0,0.1,0,0.1,0,0.1c9.6-2.2,19.8-3,30.6-2.3\n\t\tc10.8,0.7,24.8,2.4,42,5.1v0.2l0.8-0.9c20.9-24.3,57.7-53,79.7-67.8c0.4,0.1,0.8,0.2,1.3,0.3l-15.4,65.5c0.4,0.1,0.2,0.1,0.1,0.1\n\t\tc-1,0.1-2.1,1.1-2.4,1.8c0,0.2,0.6,0.5,1.6,0.7c0,0,0,0,0.1,0s0,0,0,0l-9.1,38.4l-8.8-1.2l-0.7,2.1l0.6,0.2l-0.6,2.6\n\t\tc-0.1,0.6,0.2,1.2,0.8,1.3l16.9,4c0.6,0.1,1.2-0.2,1.3-0.8l0.5-2.3l0.9,0.2l0.7-1.2l-3.3-3.7l-6.9-0.9l0.1-0.1l9-38.1\n\t\tc0.6,0.1,1.3,0.1,1.6,0c1.2,0.2,2.1,0.3,2.3,0.3c0.1,0,0.1,0,0.1,0c5.8,2.2,18.6,14.6,22.4,27.3c0,0.2,0.1,0.3,0.1,0.4\n\t\ts0.1,0.1,0.1,0.1c0.8,0.7,4.3,1.4,7.1,1.7c1.8,1.7,2.3,4.3,2.4,5.5c-1.6-1-3.5-1-3.9-0.7c-0.6,0.5,0.2,5.2,0.6,5.4c0,0,0.1,0,0.2,0\n\t\tc0.2,1.3,0.5,2.6,0.9,3.9c-0.2,0-0.3,0-0.3,0c-0.4-0.1-0.9,0.7-0.9,0.7l0.1,0.1c-0.7,0.4-1.4,1.1-0.7,1.9c0.8,1,1.5,0.1,2.1,0\n\t\tc0.2-0.1,0.5-0.1,0.7-0.1c0.2,0.3,0.3,0.6,0.5,0.8c-0.2,0.3-0.3,0.6-0.2,0.9c0.5,1.5,6.3,2,8-0.7c0,0,0,0.1,0.1,0.1\n\t\tc0.3,0.1,0.7,0.3,1,0.2c0.4,0.5,1.4,1.9,1.7,1.6c0.3-0.3,1.3-2.1,0.9-2.7c-0.4-0.5-1.9-0.4-2.3-0.3c-0.2-0.2-0.4-0.3-0.7-0.3h-0.1\n\t\tv-0.1c5.3-1.4,10.5-5.4,12.3-10.3c0,0.4,0,0.7,0,1.1c-0.1,1.2,2.8-5.6,2.8-5.6l-2.3-7.4l-7.9-7.2l-5-0.5c-1.3-8.2-2-17.3-1.9-19.6\n\t\tc0-0.1-0.1-0.1-0.2-0.2c1.6-16.3,6.7-46.5,9.3-60.1c7.7,0.6,16.1,1.1,25.4,1.4c0.1,0.2,0.2,0.5,0.5,0.6l2.8,1.5l5.6,27.4\n\t\tc0,0,1.4,16.7,3.9,21.8c0,0,0,1.5-0.1,3.5c-0.2-0.2-0.5-0.5-0.9-0.7c-0.1,0-0.2,0-0.3,0l-0.9,0.5l-0.6,0.8l-0.2-0.3l-9.6,8.3\n\t\tc-1,0.9-1.2,2.5-0.6,3.7l6.8,12c0.7,1.3,2.1,2.1,3.6,2.1h0.6c0.1,0.2,0.1,0.3,0.1,0.4l2,10.7c0.3,3.6,3,6.2,6.2,6.2s6-2.6,6.2-6.2\n\t\tl1.9-10.5c0.1-0.6,0.1-1.3,0.1-1.9c1.8-0.6,2.8-2.3,2.7-4.1c-0.3-4.1-0.8-10.8-1.5-12.5c-0.9-2.5-0.9-2.5-0.9-2.5s0.9-4.3,2.1-6.5\n\t\tc0,0,2.5-6,1.6-9.8c-0.8-3.8-5.2-42.4-5.2-42.4v-1.8c20.2,0,43.7-0.7,71.6-2.2c173-9.3,302.3-41.1,394.7-75.7l0.5,17.3\n\t\tc0,0.5-0.4,0.9-0.9,1c-7.9,1.4-13.1,8.5-14.6,17.1c-4.7,24.8,12,103.6,17.3,103.6s22.6-67.9,17.3-103.6\n\t\tc-1.3-8.6-6.6-15.8-14.6-17.1c-0.5-0.1-0.9-0.5-0.9-1l0.6-19C4002.2,78.4,4050.4,50.3,4080,29.3z M3448.4,240.7\n\t\tc-0.2,2.8-0.6,6.2-1.3,8.5c-1.4,4.8-2.5,9.8-2.5,9.8l-5.5-8.4l7.7-9l-0.1-0.1l0.8-0.2L3448.4,240.7z M1952.8,206.7l9.6-1.7\n\t\tc0.1,0,0.3,0,0.4,0c1,0,1.9,0.8,2.1,1.8c0.2,1.2-0.5,2.3-1.7,2.5l-9.6,1.7c-1.2,0.2-2.3-0.5-2.5-1.7S1951.7,207,1952.8,206.7z\n\t\t M186.5,152.8v22.6c0,1.5-1.2,2.7-2.7,2.7h-14.9c-1.5,0-2.7-1.2-2.7-2.7v-22.2c6.5,0,13.3-0.1,20.4-0.4H186.5z M1857.1,239.7\n\t\tl10.7-2.1c2-0.4,4-1,5.9-1.7l-2,12.6c0,0.9,0.8,1.8,1.7,2.2c1.3,0.5,2.2-0.4,2.6-1.7l2.9-15.5c1.5-0.8,3-1.7,4.4-2.7\n\t\tc1.6,4.4,3.7,10.2,5,12.8c3.5,6.6,8.7,7,8.7,7l0,0l2.1,2.7c-0.3,0.2-2.5,2.3-1.7,5.6c0.9,5.3,7.9,3.1,7.9,3.1\n\t\tc2.6,0.8,5.2-1.4,3.9-3.1c-0.2-0.4-0.8-0.5-1.5-0.5c0.2-0.4,0.3-1,0.2-1.6c-0.1-0.8-0.3-1.8-0.5-2.8l0.5-1.1c0,0,0-0.4-0.4-0.4l0,0\n\t\tl-0.4-1.3l-0.5,0.1c-0.5-0.9-1-1.6-1.7-1.4c-0.8,0.2-1.4,0.5-1.9,0.7l-0.1-0.1c0.1,0,0.2-0.1,0.2-0.1l-0.9-1.3l-0.1,0.2l-2.1-3.4\n\t\tc1-2.2,0-7.6-1.3-12.6l8.7-1.7l-0.1-1.6l1.4-0.1c0.4,0.3,0.8,0.4,1.3,0.4c1.4,0,2.5-1.1,2.6-2.4l5.7,3.3c0.4,0.5,0.8,0,1.3-0.4\n\t\ts0-0.9-0.4-1.3l-3.9-2.2l3.2-5.5l3.3,2h0.1l-4,37.5c0,0.1-0.1,0.3-0.1,0.4l-47.1,9.7c-0.2-0.2-0.3-0.4-0.4-0.6L1857.1,239.7z\n\t\t M1905.7,214l11.3,6.9l-3.3,5.5l-3.8-2.1c-0.5,0-0.9,0-0.9,0c-0.4,0-0.4,0-0.4,0.4c-0.3,0.3-0.2,0.5,0,0.8c-0.1,0-0.2,0.1-0.3,0.2\n\t\tc0-0.1-0.1-0.1-0.1-0.2c0,0.1,0,0.1,0,0.2c-0.3,0.2-0.5,0.4-0.6,0.7l-0.6,0.1l-0.1-1.5l-10.1,1.6c-0.1-0.2-0.1-0.4-0.2-0.6l5.1-1\n\t\tC1906.9,224.2,1908.6,217.8,1905.7,214z M1907.4,252.5l-0.5,0.1l0,0C1907.2,252.6,1907.4,252.5,1907.4,252.5z M1872.9,198.4\n\t\tc0,4.8-3,9.6-7.4,11.3c-7.8,3.5-17-2.6-17-11.3c0-4.8,3-9.6,7.4-11.3C1863.8,183.6,1872.9,189.7,1872.9,198.4z M1926,156.4\n\t\tc-4.2,4.2-6.9,10-7.2,15.8c-0.1,2.6,0.2,5,0.9,7.2l-30.4,6.3c-4.4-9.8-13.4-16.5-23.6-18.2C1886.8,163.7,1906.9,160,1926,156.4z\n\t\t M1950.6,173.5c0,3.1-1.7,6.2-5.2,7.9c-6.6,2.6-13.5-1.7-13.1-8.7c0.4-3.5,2.1-6.6,5.2-7.9C1944,162.2,1951,166.6,1950.6,173.5z\n\t\t M3278,150.3c0.6,2.5,1.2,5.3,1.9,8.4c-2.9-1.4-5.8-3-8.8-4.7c-32.7-5.1-58.5,0.9-77.9,8.5c4.5,11.9,9.1,23.7,13.7,35.6\n\t\tc4.2,10.8,8.1,24.4,11.7,40.6c-16.2-43.3-27.3-71-33.4-82.9c26.1-4.9,52.4-10.8,76-8C3267.3,148.5,3272.9,149.4,3278,150.3z\n\t\t M3371.3,177.7c-20.8,14.1-54.8,40-73.4,61c14.3-19.2,38.2-44.1,55.4-59.8c-6.8-0.8-15.6-1.5-29.7-8.9l-6.6,11.1\n\t\tc-6.3,11.2-10.7,20.2-13.2,26.7c-2.8,7.6-6.5,19.7-10.8,36.3c0-0.5-0.1-0.9-0.1-1.3c4.9-33.3,13.3-61.3,21.1-77.1\n\t\tc-9.5-1.1-20.8-7.8-32.9-6.4c-0.7-3.3-1.3-6.2-2-8.8C3319.7,157.8,3334.4,169.9,3371.3,177.7z M3398.9,275.7c1.4-0.6,3-1.1,4.3-1.4\n\t\tc4,2.2,5.8,4.6,6.2,7c-0.2-0.3-4.3,2.9-7.7,5.7c-1.1-1.6-2.4-2.7-3.2-3.1c0-0.1,0-0.1,0,0C3397.5,280.9,3397.3,278.1,3398.9,275.7z\n\t\t M3385.1,180.1c-0.3,7.3,0.1,55.1,1.9,63.2c0,0.1,0.1,0.1,0.3,0.2c-0.5,1.5-1,6.4-1.3,11.8l-0.3-1l-5.3-6.3l-16.3-3.5\n\t\tc0,0-0.6,0.4-1.1,0.8c-0.8-0.5-2-1-3-1.3l15.5-65.6C3378.6,179,3381.8,179.6,3385.1,180.1z M3407.9,182.8\n\t\tc-3.2,7.5-8.9,22.1-13.6,36c-3.2-15.5-6.6-33.4-7.6-38.5C3393.1,181.3,3400.2,182.1,3407.9,182.8z M3459.3,186.5l-2.4,42.3\n\t\tl-15.6-42.3v-2c4.7,0.1,9.6,0.2,14.8,0.2c0.1,0.1,0.2,0.2,0.3,0.3L3459.3,186.5z\"\/>\n\t<circle class=\"elementor-shape-fill ha-shape-divider\" cx=\"2300.8\" cy=\"179.3\" r=\"15.3\"\/>\n\t<circle class=\"elementor-shape-fill ha-shape-divider\" cx=\"1769.9\" cy=\"321.5\" r=\"10.9\"\/>\n\t<circle class=\"elementor-shape-fill ha-shape-divider\" cx=\"1525.1\" cy=\"337.7\" r=\"15.3\"\/>\n<\/g>\n<\/svg>\n\t\t<\/div>\n\t\t\t\t<div class=\"elementor-element elementor-element-a00a692 elementor-widget__width-initial elementor-invisible elementor-widget elementor-widget-heading\" data-id=\"a00a692\" data-element_type=\"widget\" data-e-type=\"widget\" data-settings=\"{&quot;_animation_delay&quot;:350,&quot;_animation&quot;:&quot;fadeInUp&quot;}\" data-widget_type=\"heading.default\">\n\t\t\t\t<div class=\"elementor-widget-container\">\n\t\t\t\t\t<h1 class=\"elementor-heading-title elementor-size-default\">Bienvenue en Su\u00e8de, un pays fascinant situ\u00e9 au c\u0153ur de la Scandinavie.<\/h1>\t\t\t\t<\/div>\n\t\t\t\t<\/div>\n\t\t\t\t\t<\/div>\n\t\t\t\t<\/div>\n\t\t\t\t<\/div>\n\t\t<div class=\"elementor-element elementor-element-0e746b3 e-flex e-con-boxed e-con e-parent\" data-id=\"0e746b3\" data-element_type=\"container\" data-e-type=\"container\" data-settings=\"{&quot;_ha_eqh_enable&quot;:false}\">\n\t\t\t\t\t<div class=\"e-con-inner\">\n\t\t<div class=\"elementor-element elementor-element-af56270 e-con-full e-flex e-con e-child\" data-id=\"af56270\" data-element_type=\"container\" data-e-type=\"container\" data-settings=\"{&quot;_ha_eqh_enable&quot;:false}\">\n\t\t\t\t<div class=\"elementor-element elementor-element-5a177bd elementor-widget elementor-widget-text-editor\" data-id=\"5a177bd\" data-element_type=\"widget\" data-e-type=\"widget\" data-widget_type=\"text-editor.default\">\n\t\t\t\t<div class=\"elementor-widget-container\">\n\t\t\t\t\t\t\t\t\t<p>Avec une superficie d&rsquo;environ <strong>450.000 km<sup>2<\/sup><\/strong>, la Su\u00e8de est le <strong>troisi\u00e8me plus grand pays<\/strong> de l&rsquo;Union europ\u00e9enne, mais reste tr\u00e8s peu peupl\u00e9e : le pays compte environ<strong> 10 millions d&rsquo;habitants<\/strong>, soit une densit\u00e9 de population plus de 5 fois moins importante qu\u2019en France.<\/p>\t\t\t\t\t\t\t\t<\/div>\n\t\t\t\t<\/div>\n\t\t\t\t<\/div>\n\t\t<div class=\"elementor-element elementor-element-8acb845 e-con-full e-flex e-con e-child\" data-id=\"8acb845\" data-element_type=\"container\" data-e-type=\"container\" data-settings=\"{&quot;_ha_eqh_enable&quot;:false}\">\n\t\t\t\t<div class=\"elementor-element elementor-element-721ca87 elementor-widget elementor-widget-shortcode\" data-id=\"721ca87\" data-element_type=\"widget\" data-e-type=\"widget\" data-widget_type=\"shortcode.default\">\n\t\t\t\t<div class=\"elementor-widget-container\">\n\t\t\t\t\t\t\t<div class=\"elementor-shortcode\"><div id=\"mapsvg-15\" data-id=\"15\" class=\"mapsvg\" data-autoload=\"true\" data-load-db=\"true\" data-loading-text=\"Loading map...\" style=\"width: 100%; height: 0; padding-bottom: 101.3%\"><\/div><\/div>\n\t\t\t\t\t\t<\/div>\n\t\t\t\t<\/div>\n\t\t\t\t<div class=\"elementor-element elementor-element-5864d47 elementor-widget-divider--view-line elementor-widget elementor-widget-divider\" data-id=\"5864d47\" data-element_type=\"widget\" data-e-type=\"widget\" data-widget_type=\"divider.default\">\n\t\t\t\t<div class=\"elementor-widget-container\">\n\t\t\t\t\t\t\t<div class=\"elementor-divider\">\n\t\t\t<span class=\"elementor-divider-separator\">\n\t\t\t\t\t\t<\/span>\n\t\t<\/div>\n\t\t\t\t\t\t<\/div>\n\t\t\t\t<\/div>\n\t\t\t\t<\/div>\n\t\t\t\t\t<\/div>\n\t\t\t\t<\/div>\n\t\t<div class=\"elementor-element elementor-element-c5980fe e-flex e-con-boxed e-con e-parent\" data-id=\"c5980fe\" data-element_type=\"container\" data-e-type=\"container\" data-settings=\"{&quot;_ha_eqh_enable&quot;:false}\">\n\t\t\t\t\t<div class=\"e-con-inner\">\n\t\t<div class=\"elementor-element elementor-element-72a1c8f e-con-full e-flex e-con e-child\" data-id=\"72a1c8f\" data-element_type=\"container\" data-e-type=\"container\" data-settings=\"{&quot;_ha_eqh_enable&quot;:false}\">\n\t\t\t\t<div class=\"elementor-element elementor-element-2abd59c elementor-widget elementor-widget-ha-image-stack-group happy-addon ha-image-stack-group\" data-id=\"2abd59c\" data-element_type=\"widget\" data-e-type=\"widget\" data-widget_type=\"ha-image-stack-group.default\">\n\t\t\t\t<div class=\"elementor-widget-container\">\n\t\t\t\t\t\n\t\t<div class=\"ha-cig\">\n\t\t\t<span class=\"ha-cig-item ha-cig-item-outline elementor-repeater-item-c0f16b0\" ><img decoding=\"async\" src=\"https:\/\/sweden-life.com\/wp-content\/uploads\/2024\/04\/DSC02714-Avec-accentuation-Bruit-scaled.jpg\" alt=\"\"><\/span><span class=\"ha-cig-item ha-cig-item-outline elementor-repeater-item-f560255\" ><img decoding=\"async\" src=\"https:\/\/sweden-life.com\/wp-content\/uploads\/2024\/09\/MO105848-Avec-accentuation-Bruit-scaled.avif\" alt=\"\"><\/span><span class=\"ha-cig-item ha-cig-item-outline elementor-repeater-item-8cce610\" ><img decoding=\"async\" src=\"https:\/\/sweden-life.com\/wp-content\/uploads\/2024\/02\/Paysage-14-scaled.jpg\" alt=\"\"><\/span><span class=\"ha-cig-item ha-cig-item-outline elementor-repeater-item-bcc1888\" ><img decoding=\"async\" src=\"https:\/\/sweden-life.com\/wp-content\/uploads\/2024\/07\/header-heros.png\" alt=\"\"><\/span><span class=\"ha-cig-item ha-cig-item-outline elementor-repeater-item-8ceb652\" ><img decoding=\"async\" src=\"https:\/\/sweden-life.com\/wp-content\/uploads\/2024\/04\/DJI_0616-2-scaled.jpg\" alt=\"\"><\/span><span class=\"ha-cig-item ha-cig-item-outline elementor-repeater-item-8095312\" ><img decoding=\"async\" src=\"https:\/\/sweden-life.com\/wp-content\/uploads\/2024\/05\/Drone-Tiveden-3-scaled.avif\" alt=\"\"><\/span>\n\t\t<\/div>\n\n\t\t\t\t\t\t<\/div>\n\t\t\t\t<\/div>\n\t\t\t\t<div class=\"elementor-element elementor-element-76f232f elementor-widget elementor-widget-text-editor\" data-id=\"76f232f\" data-element_type=\"widget\" data-e-type=\"widget\" data-widget_type=\"text-editor.default\">\n\t\t\t\t<div class=\"elementor-widget-container\">\n\t\t\t\t\t\t\t\t\t<p>La Su\u00e8de \u00e9merveille par ses <strong>vastes for\u00eats<\/strong>, sa<strong> faune<\/strong> <strong>embl\u00e9matique<\/strong>, ses c\u00f4tes bord\u00e9es d&rsquo;<strong>archipels rocheux <\/strong>et ses <strong>lacs foisonnants<\/strong> qui pars\u00e8ment le paysage. En \u00e9t\u00e9, dans les r\u00e9gions septentrionales, le soleil brille presque sans interruption et offre la possibilit\u00e9 d\u2019observer le<strong> soleil de minuit<\/strong>. En hiver, les longues nuits sont propices \u00e0 l&rsquo;observation des spectaculaires <strong>aurores bor\u00e9ales.<\/strong><\/p>\t\t\t\t\t\t\t\t<\/div>\n\t\t\t\t<\/div>\n\t\t\t\t<\/div>\n\t\t\t\t\t<\/div>\n\t\t\t\t<\/div>\n\t\t<div class=\"elementor-element elementor-element-79a4ac9 e-flex e-con-boxed e-con e-parent\" data-id=\"79a4ac9\" data-element_type=\"container\" data-e-type=\"container\" data-settings=\"{&quot;_ha_eqh_enable&quot;:false}\">\n\t\t\t\t\t<div class=\"e-con-inner\">\n\t\t<div class=\"elementor-element elementor-element-f5ed96a e-con-full e-flex e-con e-child\" data-id=\"f5ed96a\" data-element_type=\"container\" data-e-type=\"container\" data-settings=\"{&quot;_ha_eqh_enable&quot;:false}\">\n\t\t\t\t<div class=\"elementor-element elementor-element-0f7c0c4 elementor-align-center elementor-widget elementor-widget-lottie\" data-id=\"0f7c0c4\" data-element_type=\"widget\" data-e-type=\"widget\" data-settings=\"{&quot;source&quot;:&quot;external_url&quot;,&quot;source_external_url&quot;:{&quot;url&quot;:&quot;https:\\\/\\\/lottie.host\\\/8c1017ec-5881-441b-9b97-7e8a56b8ef15\\\/uMqWdd66Yd.json&quot;,&quot;is_external&quot;:&quot;&quot;,&quot;nofollow&quot;:&quot;&quot;,&quot;custom_attributes&quot;:&quot;&quot;},&quot;loop&quot;:&quot;yes&quot;,&quot;link_to&quot;:&quot;none&quot;,&quot;trigger&quot;:&quot;arriving_to_viewport&quot;,&quot;viewport&quot;:{&quot;unit&quot;:&quot;%&quot;,&quot;size&quot;:&quot;&quot;,&quot;sizes&quot;:{&quot;start&quot;:0,&quot;end&quot;:100}},&quot;play_speed&quot;:{&quot;unit&quot;:&quot;px&quot;,&quot;size&quot;:1,&quot;sizes&quot;:[]},&quot;start_point&quot;:{&quot;unit&quot;:&quot;%&quot;,&quot;size&quot;:0,&quot;sizes&quot;:[]},&quot;end_point&quot;:{&quot;unit&quot;:&quot;%&quot;,&quot;size&quot;:100,&quot;sizes&quot;:[]},&quot;renderer&quot;:&quot;svg&quot;}\" data-widget_type=\"lottie.default\">\n\t\t\t\t<div class=\"elementor-widget-container\">\n\t\t\t\t\t<div class=\"e-lottie__container\"><div class=\"e-lottie__animation\"><\/div><\/div>\t\t\t\t<\/div>\n\t\t\t\t<\/div>\n\t\t\t\t<\/div>\n\t\t<div class=\"elementor-element elementor-element-c7734f6 e-con-full e-flex e-con e-child\" data-id=\"c7734f6\" data-element_type=\"container\" data-e-type=\"container\" data-settings=\"{&quot;_ha_eqh_enable&quot;:false}\">\n\t\t\t\t<div class=\"elementor-element elementor-element-9aa5831 elementor-widget elementor-widget-text-editor\" data-id=\"9aa5831\" data-element_type=\"widget\" data-e-type=\"widget\" data-widget_type=\"text-editor.default\">\n\t\t\t\t<div class=\"elementor-widget-container\">\n\t\t\t\t\t\t\t\t\t<p>La langue officielle est <strong>le su\u00e9dois<\/strong>, mais la grande majorit\u00e9 des Su\u00e9dois parlent \u00e9galement <strong>l&rsquo;anglais<\/strong>, ce qui facilite la communication pour les visiteurs \u00e9trangers (futurs immigr\u00e9s, soyez rassur\u00e9s, transition en douceur assur\u00e9e !).<\/p>\t\t\t\t\t\t\t\t<\/div>\n\t\t\t\t<\/div>\n\t\t\t\t<\/div>\n\t\t\t\t\t<\/div>\n\t\t\t\t<\/div>\n\t\t<div class=\"elementor-element elementor-element-452903a e-flex e-con-boxed e-con e-parent\" data-id=\"452903a\" data-element_type=\"container\" data-e-type=\"container\" data-settings=\"{&quot;_ha_eqh_enable&quot;:false}\">\n\t\t\t\t\t<div class=\"e-con-inner\">\n\t\t<div class=\"elementor-element elementor-element-bb17b1f e-con-full e-flex e-con e-child\" data-id=\"bb17b1f\" data-element_type=\"container\" data-e-type=\"container\" data-settings=\"{&quot;_ha_eqh_enable&quot;:false}\">\n\t\t\t\t<div class=\"elementor-element elementor-element-428903f elementor-widget elementor-widget-ha-image-stack-group happy-addon ha-image-stack-group\" data-id=\"428903f\" data-element_type=\"widget\" data-e-type=\"widget\" data-widget_type=\"ha-image-stack-group.default\">\n\t\t\t\t<div class=\"elementor-widget-container\">\n\t\t\t\t\t\n\t\t<div class=\"ha-cig\">\n\t\t\t<span class=\"ha-cig-item ha-cig-item-outline elementor-repeater-item-c0f16b0\" ><img decoding=\"async\" src=\"https:\/\/sweden-life.com\/wp-content\/uploads\/2024\/04\/KannelBulle-2-e1713963847256.png\" alt=\"\"><\/span><span class=\"ha-cig-item ha-cig-item-outline elementor-repeater-item-f560255\" ><img decoding=\"async\" src=\"https:\/\/sweden-life.com\/wp-content\/uploads\/2024\/04\/metro-stockholm-stadion-art.jpg\" alt=\"\"><\/span><span class=\"ha-cig-item ha-cig-item-outline elementor-repeater-item-8cce610\" ><img decoding=\"async\" src=\"https:\/\/sweden-life.com\/wp-content\/uploads\/2024\/04\/Prix-nobel-e1714052959127.webp\" alt=\"\"><\/span><span class=\"ha-cig-item ha-cig-item-outline elementor-repeater-item-bcc1888\" ><img decoding=\"async\" src=\"https:\/\/sweden-life.com\/wp-content\/uploads\/2024\/04\/Vasa.jpg\" alt=\"\"><\/span><span class=\"ha-cig-item ha-cig-item-outline elementor-repeater-item-8ceb652\" ><img decoding=\"async\" src=\"https:\/\/sweden-life.com\/wp-content\/uploads\/2024\/04\/MO103416-1-scaled.jpg\" alt=\"\"><\/span><span class=\"ha-cig-item ha-cig-item-outline elementor-repeater-item-8095312\" ><img decoding=\"async\" src=\"https:\/\/sweden-life.com\/wp-content\/uploads\/2024\/04\/MO103670-scaled.jpg\" alt=\"\"><\/span>\n\t\t<\/div>\n\n\t\t\t\t\t\t<\/div>\n\t\t\t\t<\/div>\n\t\t\t\t<div class=\"elementor-element elementor-element-8636f31 elementor-widget elementor-widget-text-editor\" data-id=\"8636f31\" data-element_type=\"widget\" data-e-type=\"widget\" data-widget_type=\"text-editor.default\">\n\t\t\t\t<div class=\"elementor-widget-container\">\n\t\t\t\t\t\t\t\t\t<p>La<strong> culture su\u00e9doise<\/strong> est riche et diversifi\u00e9e, m\u00ealant traditions ancestrales et modernit\u00e9. La <strong>cuisine locale<\/strong> est r\u00e9put\u00e9e pour ses plats \u00e0 base de poissons et de fruits de mer, ainsi que pour ses d\u00e9licieuses p\u00e2tisseries, dont les <em>kanelbullar<\/em>, de renomm\u00e9e mondiale.\u00a0<\/p><p>Par ailleurs, la Su\u00e8de s&rsquo;est distingu\u00e9e dans le domaine des arts, des sciences et de l&rsquo;\u00e9conomie, se positionnant comme l&rsquo;un des <strong>\u00c9tats-providence<\/strong> les plus avanc\u00e9s au monde.<\/p>\t\t\t\t\t\t\t\t<\/div>\n\t\t\t\t<\/div>\n\t\t\t\t<\/div>\n\t\t\t\t\t<\/div>\n\t\t\t\t<\/div>\n\t\t<div class=\"elementor-element elementor-element-5b1b83d e-flex e-con-boxed e-con e-parent\" data-id=\"5b1b83d\" data-element_type=\"container\" data-e-type=\"container\" data-settings=\"{&quot;_ha_eqh_enable&quot;:false}\">\n\t\t\t\t\t<div class=\"e-con-inner\">\n\t\t<div class=\"elementor-element elementor-element-2a15488 e-con-full e-flex e-con e-child\" data-id=\"2a15488\" data-element_type=\"container\" data-e-type=\"container\" data-settings=\"{&quot;_ha_eqh_enable&quot;:false}\">\n\t\t\t\t<div class=\"elementor-element elementor-element-b238f23 elementor-widget elementor-widget-text-editor\" data-id=\"b238f23\" data-element_type=\"widget\" data-e-type=\"widget\" data-widget_type=\"text-editor.default\">\n\t\t\t\t<div class=\"elementor-widget-container\">\n\t\t\t\t\t\t\t\t\t<p>L&rsquo;<strong>histoire<\/strong> de la Su\u00e8de est un r\u00e9cit fascinant qui remonte \u00e0 des mill\u00e9naires, jalonn\u00e9 de vestiges pr\u00e9historiques t\u00e9moignant de la pr\u00e9sence humaine depuis l&rsquo;\u00e2ge de la pierre. Des \u00e9pop\u00e9es <strong>vikings<\/strong> \u00e0 l&rsquo;apog\u00e9e de <strong>l&#8217;empire su\u00e9dois<\/strong> au XVIIe si\u00e8cle, jusqu&rsquo;\u00e0 l&rsquo;\u00e9mergence d&rsquo;une <strong>soci\u00e9t\u00e9 moderne<\/strong> et <strong>progressiste<\/strong> au XXe si\u00e8cle, chaque \u00e9poque a laiss\u00e9 son empreinte sur ce pays aux mille facettes.<\/p><p>De la f\u00eate de la Saint-Jean aux boulettes de viande, en passant par le design scandinave, la Su\u00e8de a tant \u00e0 offrir \u00e0 ceux qui ont le plaisir de la d\u00e9couvrir\u2026<\/p>\t\t\t\t\t\t\t\t<\/div>\n\t\t\t\t<\/div>\n\t\t\t\t<\/div>\n\t\t<div class=\"elementor-element elementor-element-3261115 e-con-full e-flex e-con e-child\" data-id=\"3261115\" data-element_type=\"container\" data-e-type=\"container\" data-settings=\"{&quot;_ha_eqh_enable&quot;:false}\">\n\t\t\t\t<div class=\"elementor-element elementor-element-5f39364 elementor-widget elementor-widget-ha-image-compare happy-addon ha-image-compare\" data-id=\"5f39364\" data-element_type=\"widget\" data-e-type=\"widget\" data-widget_type=\"ha-image-compare.default\">\n\t\t\t\t<div class=\"elementor-widget-container\">\n\t\t\t\t\t        <div class=\"twentytwenty-container hajs-image-comparison\" data-happy-settings=\"{&quot;default_offset_pct&quot;:0.5,&quot;orientation&quot;:&quot;horizontal&quot;,&quot;no_overlay&quot;:false,&quot;move_handle&quot;:&quot;on_hover&quot;,&quot;before_label&quot;:&quot;&quot;,&quot;after_label&quot;:&quot;&quot;}\">\n            <img fetchpriority=\"high\" decoding=\"async\" width=\"812\" height=\"540\" src=\"https:\/\/sweden-life.com\/wp-content\/uploads\/2024\/04\/Before.jpg\" class=\"elementor-animation-disable-animation attachment-full size-full wp-image-8238\" alt=\"\" srcset=\"https:\/\/sweden-life.com\/wp-content\/uploads\/2024\/04\/Before.jpg 812w, https:\/\/sweden-life.com\/wp-content\/uploads\/2024\/04\/Before-300x200.jpg 300w, https:\/\/sweden-life.com\/wp-content\/uploads\/2024\/04\/Before-768x511.jpg 768w\" sizes=\"(max-width: 812px) 100vw, 812px\" \/><img decoding=\"async\" width=\"812\" height=\"540\" src=\"https:\/\/sweden-life.com\/wp-content\/uploads\/2024\/04\/After.jpg\" class=\"elementor-animation-disable-animation attachment-full size-full wp-image-8239\" alt=\"\" srcset=\"https:\/\/sweden-life.com\/wp-content\/uploads\/2024\/04\/After.jpg 812w, https:\/\/sweden-life.com\/wp-content\/uploads\/2024\/04\/After-300x200.jpg 300w, https:\/\/sweden-life.com\/wp-content\/uploads\/2024\/04\/After-768x511.jpg 768w\" sizes=\"(max-width: 812px) 100vw, 812px\" \/>        <\/div>\n        \t\t\t\t<\/div>\n\t\t\t\t<\/div>\n\t\t\t\t<\/div>\n\t\t\t\t\t<\/div>\n\t\t\t\t<\/div>\n\t\t\t\t<\/div>\n\t\t","protected":false},"excerpt":{"rendered":"<p>Bienvenue en Su\u00e8de, un pays fascinant situ\u00e9 au c\u0153ur de la Scandinavie. Avec une superficie d&rsquo;environ 450.000 km2, la Su\u00e8de est le troisi\u00e8me plus grand pays de l&rsquo;Union europ\u00e9enne, mais reste tr\u00e8s peu peupl\u00e9e : le pays compte environ 10 millions d&rsquo;habitants, soit une densit\u00e9 de population plus de 5 fois moins importante qu\u2019en France. [&hellip;]<\/p>\n","protected":false},"author":1,"featured_media":0,"parent":0,"menu_order":0,"comment_status":"closed","ping_status":"closed","template":"","meta":{"footnotes":""},"class_list":["post-5974","page","type-page","status-publish","hentry"],"_links":{"self":[{"href":"https:\/\/sweden-life.com\/en\/wp-json\/wp\/v2\/pages\/5974","targetHints":{"allow":["GET"]}}],"collection":[{"href":"https:\/\/sweden-life.com\/en\/wp-json\/wp\/v2\/pages"}],"about":[{"href":"https:\/\/sweden-life.com\/en\/wp-json\/wp\/v2\/types\/page"}],"author":[{"embeddable":true,"href":"https:\/\/sweden-life.com\/en\/wp-json\/wp\/v2\/users\/1"}],"replies":[{"embeddable":true,"href":"https:\/\/sweden-life.com\/en\/wp-json\/wp\/v2\/comments?post=5974"}],"version-history":[{"count":262,"href":"https:\/\/sweden-life.com\/en\/wp-json\/wp\/v2\/pages\/5974\/revisions"}],"predecessor-version":[{"id":9804,"href":"https:\/\/sweden-life.com\/en\/wp-json\/wp\/v2\/pages\/5974\/revisions\/9804"}],"wp:attachment":[{"href":"https:\/\/sweden-life.com\/en\/wp-json\/wp\/v2\/media?parent=5974"}],"curies":[{"name":"wp","href":"https:\/\/api.w.org\/{rel}","templated":true}]}}